{"id":909,"date":"2025-10-18T10:28:45","date_gmt":"2025-10-18T08:28:45","guid":{"rendered":"https:\/\/picktwist.shop\/privacy-policy\/"},"modified":"2025-10-18T10:28:45","modified_gmt":"2025-10-18T10:28:45","slug":"privacy-policy","status":"publish","type":"page","link":"https:\/\/picktwist.shop\/nl\/privacy-policy\/","title":{"rendered":"Privacy Policy"},"content":{"rendered":"\t\t<div data-elementor-type=\"wp-page\" data-elementor-id=\"909\" class=\"elementor elementor-909 elementor-3\" data-elementor-post-type=\"page\">\n\t\t\t\t<div class=\"elementor-element elementor-element-4a46b762 e-flex e-con-boxed e-con e-parent\" data-id=\"4a46b762\" data-element_type=\"container\" data-e-type=\"container\">\n\t\t\t\t\t<div class=\"e-con-inner\">\n\t\t\t\t<div class=\"elementor-element elementor-element-537d2368 elementor-widget elementor-widget-text-editor\" data-id=\"537d2368\" data-element_type=\"widget\" data-e-type=\"widget\" data-widget_type=\"text-editor.default\">\n\t\t\t\t\t\t\t\t\t\t\t<p><\/p>\n<p>1. Data Controller<\/p>\n<p><\/p>\n<p>Data Controller: Manuel Harari<br>Tax ID: 31024165V<br>Contact email: info@picktwist.com<br>Trademark: PickTwist<\/p>\n<p><!-- \/wp:paragraph --><\/p>\n<p>The data controller guarantees compliance with Regulation (EU) 2016\/679 (GDPR) and Organic Law 3\/2018 (LOPDGDD).<\/p>\n<p><!-- \/wp:paragraph --><\/p>\n<p>2. Personal Data Collected<\/p>\n<p><!-- \/wp:paragraph --><\/p>\n<p><!-- wp:paragraph --><\/p>\n<p>PickTwist only collects the data necessary to manage orders and communications. The data may include:<\/p>\n<p>First and last name<\/p>\n<p>Postal address<br>\nEmail address<br>\nTelephone number (if provided by the customer)<br>\nPayment details (managed by the payment gateway, not stored on PickTwist)<br>\nInformation required for customer support (inquiries, incidents, returns)<\/p>\n<p><!-- \/wp:paragraph --><\/p>\n<p>No sensitive data is collected.<\/p>\n<p><!-- \/wp:paragraph --><\/p>\n<p>3. Purpose of processing<\/p>\n<p><!-- \/wp:paragraph --><\/p>\n<p>Data is used for the following purposes:<\/p>\n<p><!-- \/wp:paragraph --><\/p>\n<p>1. Managing orders:<\/p>\n<p><!-- \/wp:paragraph --><\/p>\n<p>Processing purchases<\/p>\n<p><!-- \/wp:paragraph --><\/p>\n<p><!-- wp:paragraph --><\/p>\n<p>Prepare shipments<\/p>\n<p><!-- \/wp:paragraph --><\/p>\n<p><!-- wp:paragraph --><\/p>\n<p>Inform about the status of the order<\/p>\n<p><!-- \/wp:paragraph --><\/p>\n<p><!-- wp:paragraph --><\/p>\n<p>\u20072.\u2060 \u2060Customer service:<\/p>\n<p><!-- \/wp:paragraph --><\/p>\n<p><!-- wp:paragraph --><\/p>\n<p>Answer queries<\/p>\n<p><!-- \/wp:paragraph --><\/p>\n<p><!-- wp:paragraph --><\/p>\n<p>Manage incidents, returns or guarantees<\/p>\n<p><!-- \/wp:paragraph --><\/p>\n<p><!-- wp:paragraph --><\/p>\n<p>\u20073.\u2060 \u2060Legal obligations:<\/p>\n<p><!-- \/wp:paragraph --><\/p>\n<p><!-- wp:paragraph --><\/p>\n<p>Billing<\/p>\n<p><!-- \/wp:paragraph --><\/p>\n<p><!-- wp:paragraph --><\/p>\n<p>Accounting<\/p>\n<p><!-- \/wp:paragraph --><\/p>\n<p><!-- wp:paragraph --><\/p>\n<p>Tax requirements<\/p>\n<p><!-- \/wp:paragraph --><\/p>\n<p><!-- wp:paragraph --><\/p>\n<p>\u20074.\u2060 \u2060Informative communications:<\/p>\n<p><!-- \/wp:paragraph --><br>\n<!-- wp:paragraph --><\/p>\n<p>Emails required to confirm and manage the purchase<br>PickTwist does not send newsletters or advertising without explicit consent.<\/p>\n<p><!-- \/wp:paragraph --><\/p>\n<p><!-- wp:paragraph --><\/p>\n<p>4. Legal basis for processing<\/p>\n<p><!-- \/wp:paragraph --><\/p>\n<p>Processing is based on:<\/p>\n<p><!-- \/wp:paragraph --><\/p>\n<p>Performance of the contract (purchase and shipping management).<\/p>\n<p><!-- \/wp:paragraph --><\/p>\n<p>Compliance with legal obligations (invoicing and taxation).<\/p>\n<p><!-- \/wp:paragraph --><\/p>\n<p><!-- wp:paragraph --><\/p>\n<p>User consent where applicable (e.g., contact forms).<\/p>\n<p><!-- \/wp:paragraph --><\/p>\n<p><!-- wp:paragraph --><\/p>\n<p>5. Transfer of data to third parties<\/p>\n<p><!-- \/wp:paragraph --><\/p>\n<p>Data is not sold or transferred to third parties for commercial purposes.<\/p>\n<p><!-- \/wp:paragraph --><\/p>\n<p>Data is only shared with essential suppliers for order fulfillment, exclusively with the minimum necessary information:<\/p>\n<p><!-- \/wp:paragraph --><\/p>\n<p>Shipping company (for order delivery).<\/p>\n<p><!-- \/wp:paragraph --><\/p>\n<p>Payment gateway (to process payment).<\/p>\n<p><!-- \/wp:paragraph --><\/p>\n<p><!-- wp:paragraph --><\/p>\n<p>Web hosting service (to maintain the online store).<\/p>\n<p><!-- \/wp:paragraph --><\/p>\n<p><!-- wp:paragraph --><\/p>\n<p>All these providers comply with the GDPR.<\/p>\n<p><!-- \/wp:paragraph --><\/p>\n<p><!-- wp:paragraph --><\/p>\n<p>6. International Transfers<\/p>\n<p><!-- \/wp:paragraph --><\/p>\n<p>PickTwist does not perform international data transfers outside the EU. If any external provider involves a transfer (e.g., hosting or payment gateway), they must comply with the guarantees provided for in the GDPR.<\/p>\n<p><!-- \/wp:paragraph --><\/p>\n<p><!-- wp:paragraph --><\/p>\n<p>7. Data Retention Period<\/p>\n<p><!-- \/wp:paragraph --><\/p>\n<p>Data is retained only for the necessary time:<\/p>\n<p><!-- \/wp:paragraph --><\/p>\n<p>Order data: for the legal periods of invoicing and tax obligations (normally 5 years).<\/p>\n<p><!-- \/wp:paragraph --><\/p>\n<p>Contact data: until the query or issue is resolved.<\/p>\n<p><!-- \/wp:paragraph --><\/p>\n<p>Data for commercial communications: only if the user has given consent, until they withdraw it.<\/p>\n<p><!-- \/wp:paragraph --><\/p>\n<p>Data for marketing communications: only if the user has given consent, until they withdraw it.<\/p>\n<p><!-- \/wp:paragraph --><\/p>\n<p>Order data: for the legal periods of invoicing and tax obligations (normally 5 years).<\/p>\n<p> &#8211;&gt;<\/p>\n<p>When the data is no longer needed, it will be deleted using appropriate measures.<\/p>\n<p><!-- \/wp:paragraph --><\/p>\n<p><!-- wp:paragraph --><\/p>\n<p>8. User Rights<\/p>\n<p><!-- \/wp:paragraph --><\/p>\n<p>The user may exercise the following rights at any time:<\/p>\n<p><!-- \/wp:paragraph --><\/p>\n<p>Right of access<\/p>\n<p><!-- \/wp:paragraph --><\/p>\n<p>Right to rectification<\/p>\n<p><!-- \/wp:paragraph --><\/p>\n<p>Right to erasure (right to be forgotten)<\/p>\n<p><!-- \/wp:paragraph --><\/p>\n<p><!-- wp:paragraph --><\/p>\n<p>Right to object<\/p>\n<p><!-- \/wp:paragraph --><\/p>\n<p>Right to restriction of processing<\/p>\n<p><!-- \/wp:paragraph --><\/p>\n<p>Right to data portability<\/p>\n<p><!-- \/wp:paragraph --><\/p>\n<p>To exercise these rights, you must send an email to: info@picktwist.com, indicating the right you wish to exercise and proving your identity.<\/p>\n<p><!-- \/wp:paragraph --><\/p>\n<p>If the user believes that their data has not been processed correctly, they can file a complaint with the Spanish Data Protection Agency (AEPD).<\/p>\n<p><!-- \/wp:paragraph --><\/p>\n<p><!-- wp:paragraph --><\/p>\n<p>9. Data Security<\/p>\n<p><!-- \/wp:paragraph --><\/p>\n<p>PickTwist applies reasonable technical and organizational measures to ensure the security, integrity, and confidentiality of personal data.<\/p>\n<p><!-- \/wp:paragraph --><\/p>\n<p>Payments are processed through certified external gateways; PickTwist does not store card data.<\/p>\n<p><!-- \/wp:paragraph --><\/p>\n<p>10. Cookies<\/p>\n<p><!-- \/wp:paragraph --><\/p>\n<p>The website may use technical cookies necessary for the operation of the store. Analytical or marketing cookies will only be applied if the user expressly accepts them in the corresponding banner.<\/p>\n<p><!-- \/wp:paragraph --><\/p>\n<p>Full information is detailed in the Cookie Policy, which can be consulted in its own section.<\/p>\n<p><!-- \/wp:paragraph --><\/p>\n<p>11. Minors<\/p>\n<p><!-- \/wp:paragraph --><\/p>\n<p><!-- <\/p>\n<p>PickTwist products are not intended for minors. Personal data of children under 14 years of age is not knowingly processed.<\/p>\n<p><!-- \/wp:paragraph --><\/p>\n<p>12. Policy Changes<\/p>\n<p><!-- \/wp:paragraph --><\/p>\n<p>PickTwist may update this Privacy Policy as needed. Any significant changes will be posted on this page.<\/p>\n<p><!-- \/wp:paragraph --><\/p>\t\t\t\t\t\t\t\t<\/div>\n\t\t\t\t\t<\/div>\n\t\t\t\t<\/div>\n\t\t<div class=\"elementor-element elementor-element-ffa5765 elementor-hidden-desktop elementor-hidden-tablet elementor-hidden-mobile e-flex e-con-boxed e-con e-parent\" data-id=\"ffa5765\" data-element_type=\"container\" data-e-type=\"container\">\n\t\t\t\t\t<div class=\"e-con-inner\">\n\t\t\t\t<div class=\"elementor-element elementor-element-c5d3e8c elementor-widget elementor-widget-text-editor\" data-id=\"c5d3e8c\" data-element_type=\"widget\" data-e-type=\"widget\" data-widget_type=\"text-editor.default\">\n\t\t\t\t\t\t\t\t\t\t\t<!-- wp:paragraph -->\n<p>1.\u2060 \u2060Responsable del tratamiento<\/p>\n<!-- \/wp:paragraph -->\n\n<!-- wp:paragraph -->\n<p>Responsable: Manuel Harari<br>NIF: 31024165V<br>Correo de contacto: info@picktwist.com<br>Marca comercial: PickTwist<\/p>\n<!-- \/wp:paragraph -->\n\n<!-- wp:paragraph -->\n<p>El responsable garantiza el cumplimiento del Reglamento (UE) 2016\/679 (RGPD) y la Ley Org\u00e1nica 3\/2018 (LOPDGDD).<\/p>\n<!-- \/wp:paragraph -->\n\n<!-- wp:paragraph -->\n<p>\u20072.\u2060 \u2060Datos personales que se recogen<\/p>\n<!-- \/wp:paragraph -->\n\n<!-- wp:paragraph -->\n<p>PickTwist recoge \u00fanicamente los datos necesarios para gestionar pedidos y comunicaciones. Los datos pueden incluir:<\/p>\n<!-- \/wp:paragraph -->\n\n<!-- wp:paragraph -->\n<p>Nombre y apellidos<\/p>\n<!-- \/wp:paragraph -->\n\n<!-- wp:paragraph -->\n<p>Direcci\u00f3n postal<\/p>\n<!-- \/wp:paragraph -->\n\n<!-- wp:paragraph -->\n<p>Direcci\u00f3n de email<\/p>\n<!-- \/wp:paragraph -->\n\n<!-- wp:paragraph -->\n<p>Tel\u00e9fono (si el cliente lo proporciona)<\/p>\n<!-- \/wp:paragraph -->\n\n<!-- wp:paragraph -->\n<p>Datos de pago (gestionados por la pasarela, no se almacenan en PickTwist)<\/p>\n<!-- \/wp:paragraph -->\n\n<!-- wp:paragraph -->\n<p>Informaci\u00f3n necesaria para la atenci\u00f3n al cliente (consultas, incidencias, devoluciones)<\/p>\n<!-- \/wp:paragraph -->\n\n<!-- wp:paragraph -->\n<p>No se recopilan datos sensibles.<\/p>\n<!-- \/wp:paragraph -->\n\n<!-- wp:paragraph -->\n<p>\u20073.\u2060 \u2060Finalidad del tratamiento<\/p>\n<!-- \/wp:paragraph -->\n\n<!-- wp:paragraph -->\n<p>Los datos se utilizan para las siguientes finalidades:<\/p>\n<!-- \/wp:paragraph -->\n\n<!-- wp:paragraph -->\n<p>\u20071.\u2060 \u2060Gestionar pedidos:<\/p>\n<!-- \/wp:paragraph -->\n\n<!-- wp:paragraph -->\n<p>Procesar compras<\/p>\n<!-- \/wp:paragraph -->\n\n<!-- wp:paragraph -->\n<p>Preparar env\u00edos<\/p>\n<!-- \/wp:paragraph -->\n\n<!-- wp:paragraph -->\n<p>Informar sobre el estado del pedido<\/p>\n<!-- \/wp:paragraph -->\n\n<!-- wp:paragraph -->\n<p>\u20072.\u2060 \u2060Atenci\u00f3n al cliente:<\/p>\n<!-- \/wp:paragraph -->\n\n<!-- wp:paragraph -->\n<p>Responder consultas<\/p>\n<!-- \/wp:paragraph -->\n\n<!-- wp:paragraph -->\n<p>Gestionar incidencias, devoluciones o garant\u00edas<\/p>\n<!-- \/wp:paragraph -->\n\n<!-- wp:paragraph -->\n<p>\u20073.\u2060 \u2060Obligaciones legales:<\/p>\n<!-- \/wp:paragraph -->\n\n<!-- wp:paragraph -->\n<p>Facturaci\u00f3n<\/p>\n<!-- \/wp:paragraph -->\n\n<!-- wp:paragraph -->\n<p>Contabilidad<\/p>\n<!-- \/wp:paragraph -->\n\n<!-- wp:paragraph -->\n<p>Requisitos fiscales<\/p>\n<!-- \/wp:paragraph -->\n\n<!-- wp:paragraph -->\n<p>\u20074.\u2060 \u2060Comunicaciones informativas:<\/p>\n<!-- \/wp:paragraph -->\n\n<!-- wp:paragraph -->\n<p>Emails necesarios para confirmar y gestionar la compra<br>PickTwist no env\u00eda newsletters ni publicidad sin consentimiento expl\u00edcito.<\/p>\n<!-- \/wp:paragraph -->\n\n<!-- wp:paragraph -->\n<p>\u20074.\u2060 \u2060Base legal del tratamiento<\/p>\n<!-- \/wp:paragraph -->\n\n<!-- wp:paragraph -->\n<p>El tratamiento se basa en:<\/p>\n<!-- \/wp:paragraph -->\n\n<!-- wp:paragraph -->\n<p>Ejecuci\u00f3n del contrato (gesti\u00f3n de compras y env\u00edos).<\/p>\n<!-- \/wp:paragraph -->\n\n<!-- wp:paragraph -->\n<p>Cumplimiento de obligaciones legales (facturaci\u00f3n y fiscalidad).<\/p>\n<!-- \/wp:paragraph -->\n\n<!-- wp:paragraph -->\n<p>Consentimiento del usuario cuando aplique (por ejemplo, formularios de contacto).<\/p>\n<!-- \/wp:paragraph -->\n\n<!-- wp:paragraph -->\n<p>\u20075.\u2060 \u2060Cesi\u00f3n de datos a terceros<\/p>\n<!-- \/wp:paragraph -->\n\n<!-- wp:paragraph -->\n<p>Los datos no se venden ni se ceden a terceros con fines comerciales.<\/p>\n<!-- \/wp:paragraph -->\n\n<!-- wp:paragraph -->\n<p>Solo se comparten con proveedores imprescindibles para ejecutar los pedidos, exclusivamente con la informaci\u00f3n m\u00ednima necesaria:<\/p>\n<!-- \/wp:paragraph -->\n\n<!-- wp:paragraph -->\n<p>Empresa de transporte (para entregar el pedido).<\/p>\n<!-- \/wp:paragraph -->\n\n<!-- wp:paragraph -->\n<p>Pasarela de pago (para procesar el pago).<\/p>\n<!-- \/wp:paragraph -->\n\n<!-- wp:paragraph -->\n<p>Servicio de alojamiento web (para mantener la tienda online).<\/p>\n<!-- \/wp:paragraph -->\n\n<!-- wp:paragraph -->\n<p>Todos estos proveedores cumplen el RGPD.<\/p>\n<!-- \/wp:paragraph -->\n\n<!-- wp:paragraph -->\n<p>\u20076.\u2060 \u2060Transferencias internacionales<\/p>\n<!-- \/wp:paragraph -->\n\n<!-- wp:paragraph -->\n<p>PickTwist no realiza transferencias internacionales de datos fuera de la UE.<br>Si alg\u00fan proveedor externo implicara una transferencia (por ejemplo, hosting o pasarela de pago), deber\u00e1 cumplir las garant\u00edas previstas en el RGPD.<\/p>\n<!-- \/wp:paragraph -->\n\n<!-- wp:paragraph -->\n<p>\u20077.\u2060 \u2060Plazo de conservaci\u00f3n de los datos<\/p>\n<!-- \/wp:paragraph -->\n\n<!-- wp:paragraph -->\n<p>Los datos se conservan \u00fanicamente durante el tiempo necesario:<\/p>\n<!-- \/wp:paragraph -->\n\n<!-- wp:paragraph -->\n<p>Datos de pedidos: durante los plazos legales de facturaci\u00f3n y obligaciones fiscales (normalmente 5 a\u00f1os).<\/p>\n<!-- \/wp:paragraph -->\n\n<!-- wp:paragraph -->\n<p>Datos de contacto: hasta que se resuelva la consulta o incidencia.<\/p>\n<!-- \/wp:paragraph -->\n\n<!-- wp:paragraph -->\n<p>Datos para comunicaciones comerciales: solo si el usuario dio consentimiento, hasta que lo retire.<\/p>\n<!-- \/wp:paragraph -->\n\n<!-- wp:paragraph -->\n<p>Cuando los datos ya no sean necesarios, se eliminar\u00e1n con medidas adecuadas.<\/p>\n<!-- \/wp:paragraph -->\n\n<!-- wp:paragraph -->\n<p>\u20078.\u2060 \u2060Derechos del usuario<\/p>\n<!-- \/wp:paragraph -->\n\n<!-- wp:paragraph -->\n<p>El usuario puede ejercer en cualquier momento:<\/p>\n<!-- \/wp:paragraph -->\n\n<!-- wp:paragraph -->\n<p>Derecho de acceso<\/p>\n<!-- \/wp:paragraph -->\n\n<!-- wp:paragraph -->\n<p>Derecho de rectificaci\u00f3n<\/p>\n<!-- \/wp:paragraph -->\n\n<!-- wp:paragraph -->\n<p>Derecho de supresi\u00f3n (derecho al olvido)<\/p>\n<!-- \/wp:paragraph -->\n\n<!-- wp:paragraph -->\n<p>Derecho de oposici\u00f3n<\/p>\n<!-- \/wp:paragraph -->\n\n<!-- wp:paragraph -->\n<p>Derecho de limitaci\u00f3n del tratamiento<\/p>\n<!-- \/wp:paragraph -->\n\n<!-- wp:paragraph -->\n<p>Derecho a la portabilidad de los datos<\/p>\n<!-- \/wp:paragraph -->\n\n<!-- wp:paragraph -->\n<p>Para ejercerlos, debe enviar un email a: info@picktwist.com, indicando el derecho que desea ejercer y acreditando su identidad.<\/p>\n<!-- \/wp:paragraph -->\n\n<!-- wp:paragraph -->\n<p>Si el usuario considera que sus datos no han sido tratados correctamente, puede presentar una reclamaci\u00f3n ante la Agencia Espa\u00f1ola de Protecci\u00f3n de Datos (AEPD).<\/p>\n<!-- \/wp:paragraph -->\n\n<!-- wp:paragraph -->\n<p>\u20079.\u2060 \u2060Seguridad de los datos<\/p>\n<!-- \/wp:paragraph -->\n\n<!-- wp:paragraph -->\n<p>PickTwist aplica medidas t\u00e9cnicas y organizativas razonables para garantizar la seguridad, integridad y confidencialidad de los datos personales.<\/p>\n<!-- \/wp:paragraph -->\n\n<!-- wp:paragraph -->\n<p>Los pagos se procesan mediante pasarelas externas certificadas; PickTwist no almacena datos de tarjetas.<\/p>\n<!-- \/wp:paragraph -->\n\n<!-- wp:paragraph -->\n<p>10.\u2060 \u2060Cookies<\/p>\n<!-- \/wp:paragraph -->\n\n<!-- wp:paragraph -->\n<p>La web puede utilizar cookies t\u00e9cnicas necesarias para el funcionamiento de la tienda.<br>Las cookies anal\u00edticas o de marketing solo se aplicar\u00e1n si el usuario lo acepta expresamente en el banner correspondiente.<\/p>\n<!-- \/wp:paragraph -->\n\n<!-- wp:paragraph -->\n<p>La informaci\u00f3n completa se detalla en la Pol\u00edtica de Cookies, que puede consultarse en su propia secci\u00f3n.<\/p>\n<!-- \/wp:paragraph -->\n\n<!-- wp:paragraph -->\n<p>11.\u2060 \u2060Menores de edad<\/p>\n<!-- \/wp:paragraph -->\n\n<!-- wp:paragraph -->\n<p>Los productos de PickTwist no est\u00e1n destinados a menores.<br>No se procesan de forma consciente datos personales de menores de 14 a\u00f1os.<\/p>\n<!-- \/wp:paragraph -->\n\n<!-- wp:paragraph -->\n<p>12.\u2060 \u2060Modificaciones de la pol\u00edtica<\/p>\n<!-- \/wp:paragraph -->\n\n<!-- wp:paragraph -->\n<p>PickTwist puede actualizar esta Pol\u00edtica de Privacidad cuando sea necesario.<br>Si se realizan cambios relevantes, se informar\u00e1 en esta p\u00e1gina.<\/p>\n<!-- \/wp:paragraph -->\t\t\t\t\t\t\t\t<\/div>\n\t\t\t\t\t<\/div>\n\t\t\t\t<\/div>\n\t\t\t\t<\/div>\n\t\t","protected":false},"excerpt":{"rendered":"<p>1. Data Controller Data Controller: Manuel HarariTax ID: 31024165VContact email: info@picktwist.comTrademark: PickTwist The data controller guarantees compliance with Regulation (EU) [&hellip;]<\/p>\n","protected":false},"author":1,"featured_media":0,"parent":0,"menu_order":0,"comment_status":"closed","ping_status":"closed","template":"","meta":{"site-sidebar-layout":"default","site-content-layout":"","ast-site-content-layout":"default","site-content-style":"default","site-sidebar-style":"default","ast-global-header-display":"","ast-banner-title-visibility":"","ast-main-header-display":"","ast-hfb-above-header-display":"","ast-hfb-below-header-display":"","ast-hfb-mobile-header-display":"","site-post-title":"","ast-breadcrumbs-content":"","ast-featured-img":"","footer-sml-layout":"","ast-disable-related-posts":"","theme-transparent-header-meta":"","adv-header-id-meta":"","stick-header-meta":"","header-above-stick-meta":"","header-main-stick-meta":"","header-below-stick-meta":"","astra-migrate-meta-layouts":"default","ast-page-background-enabled":"default","ast-page-background-meta":{"desktop":{"background-color":"var(--ast-global-color-5)","background-image":"","background-repeat":"repeat","background-position":"center center","background-size":"auto","background-attachment":"scroll","background-type":"","background-media":"","overlay-type":"","overlay-color":"","overlay-opacity":"","overlay-gradient":""},"tablet":{"background-color":"","background-image":"","background-repeat":"repeat","background-position":"center center","background-size":"auto","background-attachment":"scroll","background-type":"","background-media":"","overlay-type":"","overlay-color":"","overlay-opacity":"","overlay-gradient":""},"mobile":{"background-color":"","background-image":"","background-repeat":"repeat","background-position":"center center","background-size":"auto","background-attachment":"scroll","background-type":"","background-media":"","overlay-type":"","overlay-color":"","overlay-opacity":"","overlay-gradient":""}},"ast-content-background-meta":{"desktop":{"background-color":"var(--ast-global-color-4)","background-image":"","background-repeat":"repeat","background-position":"center center","background-size":"auto","background-attachment":"scroll","background-type":"","background-media":"","overlay-type":"","overlay-color":"","overlay-opacity":"","overlay-gradient":""},"tablet":{"background-color":"var(--ast-global-color-4)","background-image":"","background-repeat":"repeat","background-position":"center center","background-size":"auto","background-attachment":"scroll","background-type":"","background-media":"","overlay-type":"","overlay-color":"","overlay-opacity":"","overlay-gradient":""},"mobile":{"background-color":"var(--ast-global-color-4)","background-image":"","background-repeat":"repeat","background-position":"center center","background-size":"auto","background-attachment":"scroll","background-type":"","background-media":"","overlay-type":"","overlay-color":"","overlay-opacity":"","overlay-gradient":""}},"iawp_total_views":18,"footnotes":""},"class_list":["post-909","page","type-page","status-publish","hentry"],"_links":{"self":[{"href":"https:\/\/picktwist.shop\/nl\/wp-json\/wp\/v2\/pages\/909","targetHints":{"allow":["GET"]}}],"collection":[{"href":"https:\/\/picktwist.shop\/nl\/wp-json\/wp\/v2\/pages"}],"about":[{"href":"https:\/\/picktwist.shop\/nl\/wp-json\/wp\/v2\/types\/page"}],"author":[{"embeddable":true,"href":"https:\/\/picktwist.shop\/nl\/wp-json\/wp\/v2\/users\/1"}],"replies":[{"embeddable":true,"href":"https:\/\/picktwist.shop\/nl\/wp-json\/wp\/v2\/comments?post=909"}],"version-history":[{"count":0,"href":"https:\/\/picktwist.shop\/nl\/wp-json\/wp\/v2\/pages\/909\/revisions"}],"wp:attachment":[{"href":"https:\/\/picktwist.shop\/nl\/wp-json\/wp\/v2\/media?parent=909"}],"curies":[{"name":"wp","href":"https:\/\/api.w.org\/{rel}","templated":true}]}}