{"id":1194,"date":"2025-11-30T17:29:04","date_gmt":"2025-11-30T16:29:04","guid":{"rendered":"https:\/\/picktwist.shop\/producto\/luz-6-unites-nylon\/"},"modified":"2025-11-30T17:29:04","modified_gmt":"2025-11-30T16:29:04","slug":"luz-6-unites-nylon","status":"publish","type":"product","link":"https:\/\/picktwist.shop\/fr\/producto\/luz-6-unites-nylon\/","title":{"rendered":"LUZ (6 unit\u00e9s) \u2013 NYLON"},"content":{"rendered":"<p>Con\u00e7ue en collaboration avec Manny Lebowski, leader de son projet \u00e9ponyme et guitariste de Testus.<br \/>La LUZ allie la pr\u00e9cision du shred \u00e0 une position de main plus ouverte, facilitant les techniques hybrides aux influences flamenco.<br \/>Sa taille Jazz III XL offre un positionnement moyen des doigts, pour un \u00e9quilibre parfait entre vitesse, articulation et confort.<br \/>Id\u00e9ale pour le fusion, le metal m\u00e9lodique et les solos expressifs.<\/p>\n<p>Le nylon offre une sonorit\u00e9 chaude et ronde, des m\u00e9diums riches et une excellente adh\u00e9rence.<br \/>C&rsquo;est le mat\u00e9riau le plus souple, avec une attaque douce et un confort optimal m\u00eame lors de longues sessions.<br \/>Sa surface textur\u00e9e lui conf\u00e8re une grande durabilit\u00e9 et une adh\u00e9rence parfaite.<\/p>\n<p><strong>6 choix de bleu pastel<\/strong><\/p>\n<p>Longueur : 30 mm<br \/>\nLargeur : 23 mm<br \/>\n\u00c9paisseur de la pointe : 1,5 mm<br \/>\n\u00c9paisseur de la base : 3,5 mm<br \/>\nPort\u00e9e : Moyenne<br \/>\nPour droitier<\/p>\n","protected":false},"excerpt":{"rendered":"<p>Un m\u00e9diator \u00e9quilibr\u00e9, inspir\u00e9 de la technique hybride flamenco-prog de Manny Lebowski, avec une port\u00e9e moyenne.<br \/>Nylon : Souple, bonne adh\u00e9rence, sonorit\u00e9 chaude.<br \/>Bleu pastel, lot de 6.<\/p>\n","protected":false},"featured_media":550,"comment_status":"open","ping_status":"closed","template":"","meta":{"site-sidebar-layout":"default","site-content-layout":"","ast-site-content-layout":"default","site-content-style":"default","site-sidebar-style":"default","ast-global-header-display":"","ast-banner-title-visibility":"","ast-main-header-display":"","ast-hfb-above-header-display":"","ast-hfb-below-header-display":"","ast-hfb-mobile-header-display":"","site-post-title":"","ast-breadcrumbs-content":"","ast-featured-img":"","footer-sml-layout":"","ast-disable-related-posts":"","theme-transparent-header-meta":"default","adv-header-id-meta":"","stick-header-meta":"","header-above-stick-meta":"","header-main-stick-meta":"","header-below-stick-meta":"","astra-migrate-meta-layouts":"default","ast-page-background-enabled":"default","ast-page-background-meta":{"desktop":{"background-color":"var(--ast-global-color-5)","background-image":"","background-repeat":"repeat","background-position":"center center","background-size":"auto","background-attachment":"scroll","background-type":"","background-media":"","overlay-type":"","overlay-color":"","overlay-opacity":"","overlay-gradient":""},"tablet":{"background-color":"","background-image":"","background-repeat":"repeat","background-position":"center center","background-size":"auto","background-attachment":"scroll","background-type":"","background-media":"","overlay-type":"","overlay-color":"","overlay-opacity":"","overlay-gradient":""},"mobile":{"background-color":"","background-image":"","background-repeat":"repeat","background-position":"center center","background-size":"auto","background-attachment":"scroll","background-type":"","background-media":"","overlay-type":"","overlay-color":"","overlay-opacity":"","overlay-gradient":""}},"ast-content-background-meta":{"desktop":{"background-color":"var(--ast-global-color-4)","background-image":"","background-repeat":"repeat","background-position":"center center","background-size":"auto","background-attachment":"scroll","background-type":"","background-media":"","overlay-type":"","overlay-color":"","overlay-opacity":"","overlay-gradient":""},"tablet":{"background-color":"var(--ast-global-color-4)","background-image":"","background-repeat":"repeat","background-position":"center center","background-size":"auto","background-attachment":"scroll","background-type":"","background-media":"","overlay-type":"","overlay-color":"","overlay-opacity":"","overlay-gradient":""},"mobile":{"background-color":"var(--ast-global-color-4)","background-image":"","background-repeat":"repeat","background-position":"center center","background-size":"auto","background-attachment":"scroll","background-type":"","background-media":"","overlay-type":"","overlay-color":"","overlay-opacity":"","overlay-gradient":""}},"iawp_total_views":0},"product_brand":[],"product_cat":[99,96,90,94,87,98],"product_tag":[],"class_list":{"0":"post-1194","1":"product","2":"type-product","3":"status-publish","4":"has-post-thumbnail","6":"product_cat-live","7":"product_cat-luz","8":"product_cat-materiau","9":"product_cat-modele","10":"product_cat-non-classe","11":"product_cat-nylon","12":"desktop-align-left","13":"tablet-align-left","14":"mobile-align-left","15":"ast-product-gallery-layout-first-image-large","16":"ast-product-tabs-layout-accordion","18":"first","19":"instock","20":"taxable","21":"shipping-taxable","22":"purchasable","23":"product-type-simple"},"_links":{"self":[{"href":"https:\/\/picktwist.shop\/fr\/wp-json\/wp\/v2\/product\/1194","targetHints":{"allow":["GET"]}}],"collection":[{"href":"https:\/\/picktwist.shop\/fr\/wp-json\/wp\/v2\/product"}],"about":[{"href":"https:\/\/picktwist.shop\/fr\/wp-json\/wp\/v2\/types\/product"}],"replies":[{"embeddable":true,"href":"https:\/\/picktwist.shop\/fr\/wp-json\/wp\/v2\/comments?post=1194"}],"wp:featuredmedia":[{"embeddable":true,"href":"https:\/\/picktwist.shop\/fr\/wp-json\/wp\/v2\/media\/550"}],"wp:attachment":[{"href":"https:\/\/picktwist.shop\/fr\/wp-json\/wp\/v2\/media?parent=1194"}],"wp:term":[{"taxonomy":"product_brand","embeddable":true,"href":"https:\/\/picktwist.shop\/fr\/wp-json\/wp\/v2\/product_brand?post=1194"},{"taxonomy":"product_cat","embeddable":true,"href":"https:\/\/picktwist.shop\/fr\/wp-json\/wp\/v2\/product_cat?post=1194"},{"taxonomy":"product_tag","embeddable":true,"href":"https:\/\/picktwist.shop\/fr\/wp-json\/wp\/v2\/product_tag?post=1194"}],"curies":[{"name":"wp","href":"https:\/\/api.w.org\/{rel}","templated":true}]}}