{"id":1186,"date":"2025-11-30T18:55:01","date_gmt":"2025-11-30T17:55:01","guid":{"rendered":"https:\/\/picktwist.shop\/producto\/slap-15-mm-6-pieces-acetal\/"},"modified":"2025-11-30T18:55:01","modified_gmt":"2025-11-30T17:55:01","slug":"slap-15-mm-6-pieces-acetal","status":"publish","type":"product","link":"https:\/\/picktwist.shop\/fr\/producto\/slap-15-mm-6-pieces-acetal\/","title":{"rendered":"SLAP 1,5 mm (6 pi\u00e8ces) \u2013 Ac\u00e9tal"},"content":{"rendered":"<p>Une version plus aboutie et pr\u00e9cise du concept SLAP.<br \/>Elle conserve la taille et la base sculpt\u00e9e du mod\u00e8le original, mais est dot\u00e9e d&rsquo;une pointe de 1,5 mm qui produit un son plus chaud et une attaque plus directe.<br \/>Elle offre une attaque rapide, une plus grande fermet\u00e9 et un son chaud et pr\u00e9cis.<\/p>\n<p>L&rsquo;ac\u00e9tal est rigide et stable, offrant une attaque pr\u00e9cise, des aigus clairs et une excellente r\u00e9sistance \u00e0 l&rsquo;usure.<br \/>Il garantit une articulation nette et des performances constantes, m\u00eame en cas d&rsquo;utilisation intensive.<br \/>Sa texture personnalis\u00e9e assure une prise en main s\u00fbre.<\/p>\n<p><strong>6 unit\u00e9s roses<\/strong><\/p>\n<p>Longueur : 30 mm<br \/>\nLargeur : 24 mm<br \/>\nPointe : 1,5 mm<br \/>\nBase : 4 mm<br \/>\nAmplitude : Moyenne \u00e0 \u00e9tendue<br \/>\nPour droitier<\/p>\n<p>&nbsp;<\/p>\n","protected":false},"excerpt":{"rendered":"<p>Un SLAP plus rigide et pr\u00e9cis, avec une attaque rapide et un son chaud et concentr\u00e9.<br \/>Ac\u00e9tal : Rigide, extr\u00eamement durable et au son d\u00e9fini.<br \/>Rose, lot de 6.<\/p>\n","protected":false},"featured_media":526,"comment_status":"open","ping_status":"closed","template":"","meta":{"site-sidebar-layout":"default","site-content-layout":"","ast-site-content-layout":"default","site-content-style":"default","site-sidebar-style":"default","ast-global-header-display":"","ast-banner-title-visibility":"","ast-main-header-display":"","ast-hfb-above-header-display":"","ast-hfb-below-header-display":"","ast-hfb-mobile-header-display":"","site-post-title":"","ast-breadcrumbs-content":"","ast-featured-img":"","footer-sml-layout":"","ast-disable-related-posts":"","theme-transparent-header-meta":"default","adv-header-id-meta":"","stick-header-meta":"","header-above-stick-meta":"","header-main-stick-meta":"","header-below-stick-meta":"","astra-migrate-meta-layouts":"default","ast-page-background-enabled":"default","ast-page-background-meta":{"desktop":{"background-color":"var(--ast-global-color-5)","background-image":"","background-repeat":"repeat","background-position":"center center","background-size":"auto","background-attachment":"scroll","background-type":"","background-media":"","overlay-type":"","overlay-color":"","overlay-opacity":"","overlay-gradient":""},"tablet":{"background-color":"","background-image":"","background-repeat":"repeat","background-position":"center center","background-size":"auto","background-attachment":"scroll","background-type":"","background-media":"","overlay-type":"","overlay-color":"","overlay-opacity":"","overlay-gradient":""},"mobile":{"background-color":"","background-image":"","background-repeat":"repeat","background-position":"center center","background-size":"auto","background-attachment":"scroll","background-type":"","background-media":"","overlay-type":"","overlay-color":"","overlay-opacity":"","overlay-gradient":""}},"ast-content-background-meta":{"desktop":{"background-color":"var(--ast-global-color-4)","background-image":"","background-repeat":"repeat","background-position":"center center","background-size":"auto","background-attachment":"scroll","background-type":"","background-media":"","overlay-type":"","overlay-color":"","overlay-opacity":"","overlay-gradient":""},"tablet":{"background-color":"var(--ast-global-color-4)","background-image":"","background-repeat":"repeat","background-position":"center center","background-size":"auto","background-attachment":"scroll","background-type":"","background-media":"","overlay-type":"","overlay-color":"","overlay-opacity":"","overlay-gradient":""},"mobile":{"background-color":"var(--ast-global-color-4)","background-image":"","background-repeat":"repeat","background-position":"center center","background-size":"auto","background-attachment":"scroll","background-type":"","background-media":"","overlay-type":"","overlay-color":"","overlay-opacity":"","overlay-gradient":""}},"iawp_total_views":0},"product_brand":[],"product_cat":[91,90,94,87,92,95],"product_tag":[],"class_list":{"0":"post-1186","1":"product","2":"type-product","3":"status-publish","4":"has-post-thumbnail","6":"product_cat-acetal","7":"product_cat-materiau","8":"product_cat-modele","9":"product_cat-non-classe","10":"product_cat-performance","11":"product_cat-slap","12":"desktop-align-left","13":"tablet-align-left","14":"mobile-align-left","15":"ast-product-gallery-layout-first-image-large","16":"ast-product-tabs-layout-accordion","18":"first","19":"instock","20":"taxable","21":"shipping-taxable","22":"purchasable","23":"product-type-simple"},"_links":{"self":[{"href":"https:\/\/picktwist.shop\/fr\/wp-json\/wp\/v2\/product\/1186","targetHints":{"allow":["GET"]}}],"collection":[{"href":"https:\/\/picktwist.shop\/fr\/wp-json\/wp\/v2\/product"}],"about":[{"href":"https:\/\/picktwist.shop\/fr\/wp-json\/wp\/v2\/types\/product"}],"replies":[{"embeddable":true,"href":"https:\/\/picktwist.shop\/fr\/wp-json\/wp\/v2\/comments?post=1186"}],"wp:featuredmedia":[{"embeddable":true,"href":"https:\/\/picktwist.shop\/fr\/wp-json\/wp\/v2\/media\/526"}],"wp:attachment":[{"href":"https:\/\/picktwist.shop\/fr\/wp-json\/wp\/v2\/media?parent=1186"}],"wp:term":[{"taxonomy":"product_brand","embeddable":true,"href":"https:\/\/picktwist.shop\/fr\/wp-json\/wp\/v2\/product_brand?post=1186"},{"taxonomy":"product_cat","embeddable":true,"href":"https:\/\/picktwist.shop\/fr\/wp-json\/wp\/v2\/product_cat?post=1186"},{"taxonomy":"product_tag","embeddable":true,"href":"https:\/\/picktwist.shop\/fr\/wp-json\/wp\/v2\/product_tag?post=1186"}],"curies":[{"name":"wp","href":"https:\/\/api.w.org\/{rel}","templated":true}]}}