{"id":1107,"date":"2025-11-30T18:55:11","date_gmt":"2025-11-30T17:55:11","guid":{"rendered":"https:\/\/picktwist.shop\/producto\/slap-075-mm-6-pieces-acetal\/"},"modified":"2025-11-30T18:55:11","modified_gmt":"2025-11-30T17:55:11","slug":"slap-075-mm-6-pieces-acetal","status":"publish","type":"product","link":"https:\/\/picktwist.shop\/fr\/producto\/slap-075-mm-6-pieces-acetal\/","title":{"rendered":"SLAP 0,75 mm (6 pi\u00e8ces) \u2013 Ac\u00e9tal"},"content":{"rendered":"<p>Un m\u00e9diator con\u00e7u pour ajouter un nouveau niveau d&rsquo;impact percussif \u00e0 la guitare et \u00e0 la basse.<br \/>\nSa taille rappelle celle des m\u00e9diators fins, mais sa base sculpt\u00e9e offre une stabilit\u00e9 et un confort bien sup\u00e9rieurs.<br \/>\nLa base de 0,75 mm positionne les doigts dans une port\u00e9e semi-\u00e9tendue, permettant \u00e0 la pointe de s&rsquo;enfoncer plus profond\u00e9ment dans les cordes, g\u00e9n\u00e9rant le rebond caract\u00e9ristique du style slap et une attaque percussive.<br \/>\nId\u00e9al pour les textures dynamiques, les accordages bas et les cordes \u00e9paisses.<\/p>\n<p>L&rsquo;ac\u00e9tal est rigide et stable, offrant une attaque pr\u00e9cise, des aigus clairs et une excellente r\u00e9sistance \u00e0 l&rsquo;usure.<br \/>Il assure une articulation nette et des performances constantes, m\u00eame en cas d&rsquo;utilisation intensive.<br \/>Sa texture personnalis\u00e9e garantit une prise en main s\u00fbre.<\/p>\n<p><strong>6 turquoise-colored units<\/strong><\/p>\n<p>Longueur : 30 mm<br \/>\nLargeur : 24 mm<br \/>\nPointe : 0,75 mm<br \/>\nBase : 4 mm<br \/>\nPort\u00e9e : Semi-\u00e9tendue<br \/>\nLat\u00e9ralit\u00e9 : DROITIER<\/p>\n<p>&nbsp;<\/p>\n","protected":false},"excerpt":{"rendered":"<p>M\u00e9diator percussif flexible avec rebond de type slap et base sculpt\u00e9e.<br \/>Ac\u00e9tal : Rigide, extr\u00eamement durable, sonorit\u00e9 d\u00e9finie.<br \/>Turquoise, lot de 6<\/p>\n","protected":false},"featured_media":557,"comment_status":"open","ping_status":"closed","template":"","meta":{"site-sidebar-layout":"default","site-content-layout":"","ast-site-content-layout":"default","site-content-style":"default","site-sidebar-style":"default","ast-global-header-display":"","ast-banner-title-visibility":"","ast-main-header-display":"","ast-hfb-above-header-display":"","ast-hfb-below-header-display":"","ast-hfb-mobile-header-display":"","site-post-title":"","ast-breadcrumbs-content":"","ast-featured-img":"","footer-sml-layout":"","ast-disable-related-posts":"","theme-transparent-header-meta":"default","adv-header-id-meta":"","stick-header-meta":"","header-above-stick-meta":"","header-main-stick-meta":"","header-below-stick-meta":"","astra-migrate-meta-layouts":"default","ast-page-background-enabled":"default","ast-page-background-meta":{"desktop":{"background-color":"var(--ast-global-color-5)","background-image":"","background-repeat":"repeat","background-position":"center center","background-size":"auto","background-attachment":"scroll","background-type":"","background-media":"","overlay-type":"","overlay-color":"","overlay-opacity":"","overlay-gradient":""},"tablet":{"background-color":"","background-image":"","background-repeat":"repeat","background-position":"center center","background-size":"auto","background-attachment":"scroll","background-type":"","background-media":"","overlay-type":"","overlay-color":"","overlay-opacity":"","overlay-gradient":""},"mobile":{"background-color":"","background-image":"","background-repeat":"repeat","background-position":"center center","background-size":"auto","background-attachment":"scroll","background-type":"","background-media":"","overlay-type":"","overlay-color":"","overlay-opacity":"","overlay-gradient":""}},"ast-content-background-meta":{"desktop":{"background-color":"var(--ast-global-color-4)","background-image":"","background-repeat":"repeat","background-position":"center center","background-size":"auto","background-attachment":"scroll","background-type":"","background-media":"","overlay-type":"","overlay-color":"","overlay-opacity":"","overlay-gradient":""},"tablet":{"background-color":"var(--ast-global-color-4)","background-image":"","background-repeat":"repeat","background-position":"center center","background-size":"auto","background-attachment":"scroll","background-type":"","background-media":"","overlay-type":"","overlay-color":"","overlay-opacity":"","overlay-gradient":""},"mobile":{"background-color":"var(--ast-global-color-4)","background-image":"","background-repeat":"repeat","background-position":"center center","background-size":"auto","background-attachment":"scroll","background-type":"","background-media":"","overlay-type":"","overlay-color":"","overlay-opacity":"","overlay-gradient":""}},"iawp_total_views":0},"product_brand":[],"product_cat":[91,90,94,87,92,95],"product_tag":[],"class_list":{"0":"post-1107","1":"product","2":"type-product","3":"status-publish","4":"has-post-thumbnail","6":"product_cat-acetal","7":"product_cat-materiau","8":"product_cat-modele","9":"product_cat-non-classe","10":"product_cat-performance","11":"product_cat-slap","12":"desktop-align-left","13":"tablet-align-left","14":"mobile-align-left","15":"ast-product-gallery-layout-first-image-large","16":"ast-product-tabs-layout-accordion","18":"first","19":"instock","20":"taxable","21":"shipping-taxable","22":"purchasable","23":"product-type-simple"},"_links":{"self":[{"href":"https:\/\/picktwist.shop\/fr\/wp-json\/wp\/v2\/product\/1107","targetHints":{"allow":["GET"]}}],"collection":[{"href":"https:\/\/picktwist.shop\/fr\/wp-json\/wp\/v2\/product"}],"about":[{"href":"https:\/\/picktwist.shop\/fr\/wp-json\/wp\/v2\/types\/product"}],"replies":[{"embeddable":true,"href":"https:\/\/picktwist.shop\/fr\/wp-json\/wp\/v2\/comments?post=1107"}],"wp:featuredmedia":[{"embeddable":true,"href":"https:\/\/picktwist.shop\/fr\/wp-json\/wp\/v2\/media\/557"}],"wp:attachment":[{"href":"https:\/\/picktwist.shop\/fr\/wp-json\/wp\/v2\/media?parent=1107"}],"wp:term":[{"taxonomy":"product_brand","embeddable":true,"href":"https:\/\/picktwist.shop\/fr\/wp-json\/wp\/v2\/product_brand?post=1107"},{"taxonomy":"product_cat","embeddable":true,"href":"https:\/\/picktwist.shop\/fr\/wp-json\/wp\/v2\/product_cat?post=1107"},{"taxonomy":"product_tag","embeddable":true,"href":"https:\/\/picktwist.shop\/fr\/wp-json\/wp\/v2\/product_tag?post=1107"}],"curies":[{"name":"wp","href":"https:\/\/api.w.org\/{rel}","templated":true}]}}