{"id":1104,"date":"2025-11-30T19:08:53","date_gmt":"2025-11-30T18:08:53","guid":{"rendered":"https:\/\/picktwist.shop\/producto\/sol-6-unites-acetale-luminescent\/"},"modified":"2025-11-30T19:08:53","modified_gmt":"2025-11-30T18:08:53","slug":"sol-6-unites-acetale-luminescent","status":"publish","type":"product","link":"https:\/\/picktwist.shop\/fr\/producto\/sol-6-unites-acetale-luminescent\/","title":{"rendered":"SOL (6 unit\u00e9s) &#8211; AC\u00c9TALE LUMINESCENT"},"content":{"rendered":"<p>D\u00e9velopp\u00e9e en collaboration avec le virtuose n\u00e9erlandais Timo Somers (Ayreon, Vengeance, Tri-Head, ex-Delain), la SOL Original est con\u00e7ue pour les guitaristes en qu\u00eate de vitesse, de pr\u00e9cision et d&rsquo;expressivit\u00e9.<br \/>Sa base \u00e9paisse et sculpt\u00e9e positionne les doigts au plus pr\u00e8s des cordes, offrant un contr\u00f4le exceptionnel, une r\u00e9ponse rapide et une grande facilit\u00e9 d&rsquo;obtention d&rsquo;harmoniques artificielles.<br \/>Son corps large et ergonomique assure une prise en main s\u00fbre et une sonorit\u00e9 l\u00e9g\u00e8rement plus ronde et plus riche.<br \/>Id\u00e9ale pour la guitare et la basse, et pour les styles exigeant vitesse et pr\u00e9cision.<\/p>\n<p>L&rsquo;ac\u00e9tal est rigide et stable, avec une attaque pr\u00e9cise, des aigus clairs et une excellente r\u00e9sistance \u00e0 l&rsquo;usure.<br \/>\nIl offre une articulation nette et des performances constantes m\u00eame en cas d&rsquo;utilisation intensive.<br \/>\nDes textures personnalis\u00e9es assurent une prise en main s\u00fbre.<\/p>\n<p><strong>6 unit\u00e9s blanches avec lueur verte dans le noir<\/strong><\/p>\n<p>Longueur : 28 mm<br \/>\nLargeur : 27 mm<br \/>\nPointe : 1,5 mm<br \/>\nBase : 5,5 mm<br \/>\nPort\u00e9e : Courte<br \/>\nPour droitier<\/p>\n","protected":false},"excerpt":{"rendered":"<p>M\u00e9diator extr\u00eame pour shred, dot\u00e9 d&rsquo;une base \u00e9paisse et ergonomique pour une pr\u00e9cision maximale et des harmoniques faciles.<br \/>Ac\u00e9tal : Rigide, extr\u00eamement durable et offrant un son d\u00e9fini.<br \/>Blanc, phosphorescent en vert, lot de 6 m\u00e9diators.<\/p>\n","protected":false},"featured_media":341,"comment_status":"open","ping_status":"closed","template":"","meta":{"site-sidebar-layout":"default","site-content-layout":"","ast-site-content-layout":"default","site-content-style":"default","site-sidebar-style":"default","ast-global-header-display":"","ast-banner-title-visibility":"","ast-main-header-display":"","ast-hfb-above-header-display":"","ast-hfb-below-header-display":"","ast-hfb-mobile-header-display":"","site-post-title":"","ast-breadcrumbs-content":"","ast-featured-img":"","footer-sml-layout":"","ast-disable-related-posts":"","theme-transparent-header-meta":"default","adv-header-id-meta":"","stick-header-meta":"","header-above-stick-meta":"","header-main-stick-meta":"","header-below-stick-meta":"","astra-migrate-meta-layouts":"default","ast-page-background-enabled":"default","ast-page-background-meta":{"desktop":{"background-color":"var(--ast-global-color-5)","background-image":"","background-repeat":"repeat","background-position":"center center","background-size":"auto","background-attachment":"scroll","background-type":"","background-media":"","overlay-type":"","overlay-color":"","overlay-opacity":"","overlay-gradient":""},"tablet":{"background-color":"","background-image":"","background-repeat":"repeat","background-position":"center center","background-size":"auto","background-attachment":"scroll","background-type":"","background-media":"","overlay-type":"","overlay-color":"","overlay-opacity":"","overlay-gradient":""},"mobile":{"background-color":"","background-image":"","background-repeat":"repeat","background-position":"center center","background-size":"auto","background-attachment":"scroll","background-type":"","background-media":"","overlay-type":"","overlay-color":"","overlay-opacity":"","overlay-gradient":""}},"ast-content-background-meta":{"desktop":{"background-color":"var(--ast-global-color-4)","background-image":"","background-repeat":"repeat","background-position":"center center","background-size":"auto","background-attachment":"scroll","background-type":"","background-media":"","overlay-type":"","overlay-color":"","overlay-opacity":"","overlay-gradient":""},"tablet":{"background-color":"var(--ast-global-color-4)","background-image":"","background-repeat":"repeat","background-position":"center center","background-size":"auto","background-attachment":"scroll","background-type":"","background-media":"","overlay-type":"","overlay-color":"","overlay-opacity":"","overlay-gradient":""},"mobile":{"background-color":"var(--ast-global-color-4)","background-image":"","background-repeat":"repeat","background-position":"center center","background-size":"auto","background-attachment":"scroll","background-type":"","background-media":"","overlay-type":"","overlay-color":"","overlay-opacity":"","overlay-gradient":""}},"iawp_total_views":0},"product_brand":[],"product_cat":[91,90,94,87,92,97],"product_tag":[],"class_list":{"0":"post-1104","1":"product","2":"type-product","3":"status-publish","4":"has-post-thumbnail","6":"product_cat-acetal","7":"product_cat-materiau","8":"product_cat-modele","9":"product_cat-non-classe","10":"product_cat-performance","11":"product_cat-sol","12":"desktop-align-left","13":"tablet-align-left","14":"mobile-align-left","15":"ast-product-gallery-layout-first-image-large","16":"ast-product-tabs-layout-accordion","18":"first","19":"instock","20":"taxable","21":"shipping-taxable","22":"purchasable","23":"product-type-simple"},"_links":{"self":[{"href":"https:\/\/picktwist.shop\/fr\/wp-json\/wp\/v2\/product\/1104","targetHints":{"allow":["GET"]}}],"collection":[{"href":"https:\/\/picktwist.shop\/fr\/wp-json\/wp\/v2\/product"}],"about":[{"href":"https:\/\/picktwist.shop\/fr\/wp-json\/wp\/v2\/types\/product"}],"replies":[{"embeddable":true,"href":"https:\/\/picktwist.shop\/fr\/wp-json\/wp\/v2\/comments?post=1104"}],"wp:featuredmedia":[{"embeddable":true,"href":"https:\/\/picktwist.shop\/fr\/wp-json\/wp\/v2\/media\/341"}],"wp:attachment":[{"href":"https:\/\/picktwist.shop\/fr\/wp-json\/wp\/v2\/media?parent=1104"}],"wp:term":[{"taxonomy":"product_brand","embeddable":true,"href":"https:\/\/picktwist.shop\/fr\/wp-json\/wp\/v2\/product_brand?post=1104"},{"taxonomy":"product_cat","embeddable":true,"href":"https:\/\/picktwist.shop\/fr\/wp-json\/wp\/v2\/product_cat?post=1104"},{"taxonomy":"product_tag","embeddable":true,"href":"https:\/\/picktwist.shop\/fr\/wp-json\/wp\/v2\/product_tag?post=1104"}],"curies":[{"name":"wp","href":"https:\/\/api.w.org\/{rel}","templated":true}]}}