{"id":1088,"date":"2025-11-30T19:08:55","date_gmt":"2025-11-30T18:08:55","guid":{"rendered":"https:\/\/picktwist.shop\/producto\/sol-xl-6-unites-acetal-luminescent\/"},"modified":"2025-11-30T19:08:55","modified_gmt":"2025-11-30T18:08:55","slug":"sol-xl-6-unites-acetal-luminescent","status":"publish","type":"product","link":"https:\/\/picktwist.shop\/fr\/producto\/sol-xl-6-unites-acetal-luminescent\/","title":{"rendered":"SOL XL (6 unit\u00e9s) &#8211; AC\u00c9TAL LUMINESCENT"},"content":{"rendered":"<p>La SOL XL est une r\u00e9interpr\u00e9tation plus grande, plus fine et plus flexible de la SOL, con\u00e7ue pour r\u00e9pondre \u00e0 la demande des utilisateurs et se distinguant nettement de la version associ\u00e9e au style de Timo Somers.<br \/>Elle positionne la main dans une position plus allong\u00e9e, offrant ainsi la sensation la plus flexible de la gamme SOL et la plus grande surface de pr\u00e9hension.<br \/>Elle facilite un jeu expressif, un jeu rythmique dynamique et une r\u00e9ponse fluide et ouverte.<\/p>\n<p>L&rsquo;ac\u00e9tal est rigide et stable, avec une attaque pr\u00e9cise, des aigus clairs et une excellente r\u00e9sistance \u00e0 l&rsquo;usure.<br \/>\nIl offre une articulation nette et des performances constantes m\u00eame en cas d&rsquo;utilisation intensive.<br \/>\nDes textures personnalis\u00e9es assurent une prise en main s\u00fbre.<\/p>\n<p><strong>6 unit\u00e9s blanches avec lueur verte dans le noir<\/strong><\/p>\n<p>Longueur : 31 mm<br \/>\nLargeur : 31 mm<br \/>\n\u00c9paisseur de la pointe : 1 mm<br \/>\n\u00c9paisseur de la base : 3 mm<br \/>\nPort\u00e9e : \u00c9tendue<br \/>\nPour droitier<\/p>\n","protected":false},"excerpt":{"rendered":"<p>Une version plus large, plus fine et plus flexible de la SOL, avec une tessiture \u00e9tendue et un son ouvert et expressif.<br \/>Ac\u00e9tal : Rigide, extr\u00eamement durable et offrant une sonorit\u00e9 bien d\u00e9finie.<br \/>Blanc, phosphorescent en vert dans l\u2019obscurit\u00e9, lot de 6.<\/p>\n","protected":false},"featured_media":344,"comment_status":"open","ping_status":"closed","template":"","meta":{"site-sidebar-layout":"default","site-content-layout":"","ast-site-content-layout":"default","site-content-style":"default","site-sidebar-style":"default","ast-global-header-display":"","ast-banner-title-visibility":"","ast-main-header-display":"","ast-hfb-above-header-display":"","ast-hfb-below-header-display":"","ast-hfb-mobile-header-display":"","site-post-title":"","ast-breadcrumbs-content":"","ast-featured-img":"","footer-sml-layout":"","ast-disable-related-posts":"","theme-transparent-header-meta":"default","adv-header-id-meta":"","stick-header-meta":"","header-above-stick-meta":"","header-main-stick-meta":"","header-below-stick-meta":"","astra-migrate-meta-layouts":"default","ast-page-background-enabled":"default","ast-page-background-meta":{"desktop":{"background-color":"var(--ast-global-color-5)","background-image":"","background-repeat":"repeat","background-position":"center center","background-size":"auto","background-attachment":"scroll","background-type":"","background-media":"","overlay-type":"","overlay-color":"","overlay-opacity":"","overlay-gradient":""},"tablet":{"background-color":"","background-image":"","background-repeat":"repeat","background-position":"center center","background-size":"auto","background-attachment":"scroll","background-type":"","background-media":"","overlay-type":"","overlay-color":"","overlay-opacity":"","overlay-gradient":""},"mobile":{"background-color":"","background-image":"","background-repeat":"repeat","background-position":"center center","background-size":"auto","background-attachment":"scroll","background-type":"","background-media":"","overlay-type":"","overlay-color":"","overlay-opacity":"","overlay-gradient":""}},"ast-content-background-meta":{"desktop":{"background-color":"var(--ast-global-color-4)","background-image":"","background-repeat":"repeat","background-position":"center center","background-size":"auto","background-attachment":"scroll","background-type":"","background-media":"","overlay-type":"","overlay-color":"","overlay-opacity":"","overlay-gradient":""},"tablet":{"background-color":"var(--ast-global-color-4)","background-image":"","background-repeat":"repeat","background-position":"center center","background-size":"auto","background-attachment":"scroll","background-type":"","background-media":"","overlay-type":"","overlay-color":"","overlay-opacity":"","overlay-gradient":""},"mobile":{"background-color":"var(--ast-global-color-4)","background-image":"","background-repeat":"repeat","background-position":"center center","background-size":"auto","background-attachment":"scroll","background-type":"","background-media":"","overlay-type":"","overlay-color":"","overlay-opacity":"","overlay-gradient":""}},"iawp_total_views":0},"product_brand":[],"product_cat":[91,90,94,87,92,97],"product_tag":[],"class_list":{"0":"post-1088","1":"product","2":"type-product","3":"status-publish","4":"has-post-thumbnail","6":"product_cat-acetal","7":"product_cat-materiau","8":"product_cat-modele","9":"product_cat-non-classe","10":"product_cat-performance","11":"product_cat-sol","12":"desktop-align-left","13":"tablet-align-left","14":"mobile-align-left","15":"ast-product-gallery-layout-first-image-large","16":"ast-product-tabs-layout-accordion","18":"first","19":"instock","20":"taxable","21":"shipping-taxable","22":"purchasable","23":"product-type-simple"},"_links":{"self":[{"href":"https:\/\/picktwist.shop\/fr\/wp-json\/wp\/v2\/product\/1088","targetHints":{"allow":["GET"]}}],"collection":[{"href":"https:\/\/picktwist.shop\/fr\/wp-json\/wp\/v2\/product"}],"about":[{"href":"https:\/\/picktwist.shop\/fr\/wp-json\/wp\/v2\/types\/product"}],"replies":[{"embeddable":true,"href":"https:\/\/picktwist.shop\/fr\/wp-json\/wp\/v2\/comments?post=1088"}],"wp:featuredmedia":[{"embeddable":true,"href":"https:\/\/picktwist.shop\/fr\/wp-json\/wp\/v2\/media\/344"}],"wp:attachment":[{"href":"https:\/\/picktwist.shop\/fr\/wp-json\/wp\/v2\/media?parent=1088"}],"wp:term":[{"taxonomy":"product_brand","embeddable":true,"href":"https:\/\/picktwist.shop\/fr\/wp-json\/wp\/v2\/product_brand?post=1088"},{"taxonomy":"product_cat","embeddable":true,"href":"https:\/\/picktwist.shop\/fr\/wp-json\/wp\/v2\/product_cat?post=1088"},{"taxonomy":"product_tag","embeddable":true,"href":"https:\/\/picktwist.shop\/fr\/wp-json\/wp\/v2\/product_tag?post=1088"}],"curies":[{"name":"wp","href":"https:\/\/api.w.org\/{rel}","templated":true}]}}