{"id":1530,"date":"2025-11-30T18:55:06","date_gmt":"2025-11-30T17:55:06","guid":{"rendered":"https:\/\/picktwist.shop\/producto\/luz-s-6-unidades-acetal\/"},"modified":"2026-04-21T14:48:38","modified_gmt":"2026-04-21T12:48:38","slug":"luz-s-6-unidades-acetal","status":"publish","type":"product","link":"https:\/\/picktwist.shop\/es\/producto\/luz-s-6-unidades-acetal\/","title":{"rendered":"LUZ S (6 unidades) \u2013 ACETAL"},"content":{"rendered":"<p>La versi\u00f3n m\u00e1s peque\u00f1a del modelo LUZ, con un dise\u00f1o compacto y \u00e1gil.<br \/>Posiciona los dedos cerca de las cuerdas, mejorando la precisi\u00f3n y el control durante pasajes r\u00e1pidos, t\u00e9cnicas h\u00edbridas de p\u00faa y frases r\u00edtmicas precisas.<br \/>Conserva la curvatura ergon\u00f3mica y la punta definida que caracterizan a la familia LUZ.<br \/>Ideal para fusi\u00f3n, metal mel\u00f3dico y l\u00edneas mel\u00f3dicas expresivas.<\/p>\n<p>El acetal es r\u00edgido y estable, con un ataque preciso, agudos n\u00edtidos y excelente resistencia al desgaste.<br \/>Ofrece una articulaci\u00f3n precisa y un rendimiento constante incluso con un uso intensivo.<br \/>Sus texturas personalizadas garantizan un agarre seguro.<\/p>\n<p><strong>6 unidades de color turquesa<\/strong><\/p>\n<p>Longitud: 26 mm<br \/>\nAncho: 20 mm<br \/>\nPunta: 1,3 mm<br \/>\nBase: 3 mm<br \/>\nAlcance: Cercano<br \/>\nUso: Diestro<\/p>\n","protected":false},"excerpt":{"rendered":"<p>Una versi\u00f3n compacta y ultraprecisa del modelo LUZ, que ofrece un rendimiento excepcional a corta distancia y un control m\u00e1ximo.<br \/>Acetal: R\u00edgido, extremadamente duradero, con un tono bien definido.<br \/>Turquesa, 6 unidades<\/p>\n","protected":false},"featured_media":553,"comment_status":"open","ping_status":"closed","template":"","meta":{"site-sidebar-layout":"default","site-content-layout":"","ast-site-content-layout":"default","site-content-style":"default","site-sidebar-style":"default","ast-global-header-display":"","ast-banner-title-visibility":"","ast-main-header-display":"","ast-hfb-above-header-display":"","ast-hfb-below-header-display":"","ast-hfb-mobile-header-display":"","site-post-title":"","ast-breadcrumbs-content":"","ast-featured-img":"","footer-sml-layout":"","ast-disable-related-posts":"","theme-transparent-header-meta":"default","adv-header-id-meta":"","stick-header-meta":"","header-above-stick-meta":"","header-main-stick-meta":"","header-below-stick-meta":"","astra-migrate-meta-layouts":"default","ast-page-background-enabled":"default","ast-page-background-meta":{"desktop":{"background-color":"var(--ast-global-color-5)","background-image":"","background-repeat":"repeat","background-position":"center center","background-size":"auto","background-attachment":"scroll","background-type":"","background-media":"","overlay-type":"","overlay-color":"","overlay-opacity":"","overlay-gradient":""},"tablet":{"background-color":"","background-image":"","background-repeat":"repeat","background-position":"center center","background-size":"auto","background-attachment":"scroll","background-type":"","background-media":"","overlay-type":"","overlay-color":"","overlay-opacity":"","overlay-gradient":""},"mobile":{"background-color":"","background-image":"","background-repeat":"repeat","background-position":"center center","background-size":"auto","background-attachment":"scroll","background-type":"","background-media":"","overlay-type":"","overlay-color":"","overlay-opacity":"","overlay-gradient":""}},"ast-content-background-meta":{"desktop":{"background-color":"var(--ast-global-color-4)","background-image":"","background-repeat":"repeat","background-position":"center center","background-size":"auto","background-attachment":"scroll","background-type":"","background-media":"","overlay-type":"","overlay-color":"","overlay-opacity":"","overlay-gradient":""},"tablet":{"background-color":"var(--ast-global-color-4)","background-image":"","background-repeat":"repeat","background-position":"center center","background-size":"auto","background-attachment":"scroll","background-type":"","background-media":"","overlay-type":"","overlay-color":"","overlay-opacity":"","overlay-gradient":""},"mobile":{"background-color":"var(--ast-global-color-4)","background-image":"","background-repeat":"repeat","background-position":"center center","background-size":"auto","background-attachment":"scroll","background-type":"","background-media":"","overlay-type":"","overlay-color":"","overlay-opacity":"","overlay-gradient":""}},"iawp_total_views":1},"product_brand":[],"product_cat":[115,89,119,110,111,116],"product_tag":[],"class_list":{"0":"post-1530","1":"product","2":"type-product","3":"status-publish","4":"has-post-thumbnail","6":"product_cat-acetal","7":"product_cat-gama","8":"product_cat-luz","9":"product_cat-material","10":"product_cat-modelo","11":"product_cat-performance","12":"desktop-align-left","13":"tablet-align-left","14":"mobile-align-left","15":"ast-product-gallery-layout-first-image-large","16":"ast-product-tabs-layout-accordion","18":"first","19":"instock","20":"taxable","21":"shipping-taxable","22":"purchasable","23":"product-type-simple"},"_links":{"self":[{"href":"https:\/\/picktwist.shop\/es\/wp-json\/wp\/v2\/product\/1530","targetHints":{"allow":["GET"]}}],"collection":[{"href":"https:\/\/picktwist.shop\/es\/wp-json\/wp\/v2\/product"}],"about":[{"href":"https:\/\/picktwist.shop\/es\/wp-json\/wp\/v2\/types\/product"}],"replies":[{"embeddable":true,"href":"https:\/\/picktwist.shop\/es\/wp-json\/wp\/v2\/comments?post=1530"}],"wp:featuredmedia":[{"embeddable":true,"href":"https:\/\/picktwist.shop\/es\/wp-json\/wp\/v2\/media\/553"}],"wp:attachment":[{"href":"https:\/\/picktwist.shop\/es\/wp-json\/wp\/v2\/media?parent=1530"}],"wp:term":[{"taxonomy":"product_brand","embeddable":true,"href":"https:\/\/picktwist.shop\/es\/wp-json\/wp\/v2\/product_brand?post=1530"},{"taxonomy":"product_cat","embeddable":true,"href":"https:\/\/picktwist.shop\/es\/wp-json\/wp\/v2\/product_cat?post=1530"},{"taxonomy":"product_tag","embeddable":true,"href":"https:\/\/picktwist.shop\/es\/wp-json\/wp\/v2\/product_tag?post=1530"}],"curies":[{"name":"wp","href":"https:\/\/api.w.org\/{rel}","templated":true}]}}