{"id":1268,"date":"2025-11-30T19:08:55","date_gmt":"2025-11-30T18:08:55","guid":{"rendered":"https:\/\/picktwist.shop\/producto\/sol-xl-6-stueck-lumineszierendes-acetal\/"},"modified":"2025-11-30T19:08:55","modified_gmt":"2025-11-30T18:08:55","slug":"sol-xl-6-stueck-lumineszierendes-acetal","status":"publish","type":"product","link":"https:\/\/picktwist.shop\/de\/producto\/sol-xl-6-stueck-lumineszierendes-acetal\/","title":{"rendered":"SOL XL (6 St\u00fcck) \u2013 Lumineszierendes Acetal"},"content":{"rendered":"<p>Die SOL XL ist eine gr\u00f6\u00dfere, schlankere und flexiblere Neuinterpretation der SOL, die auf Wunsch der Nutzer entwickelt wurde und sich deutlich von der Version unterscheidet, die mit Timo Somers&#8216; Spielstil assoziiert wird.<br \/>Sie positioniert die Hand in einer erweiterten Griffweite und bietet so das flexibelste Spielgef\u00fchl der SOL-Familie sowie die gr\u00f6\u00dfte Grifffl\u00e4che.<br \/>\nSie erm\u00f6glicht ausdrucksstarkes Strumming, dynamisches Rhythmusspiel und eine offene, fl\u00fcssige Ansprache.<\/p>\n<p>Acetal ist steif und formstabil und erm\u00f6glicht pr\u00e4zises Anschlagen, klare H\u00f6hen und hervorragende Verschlei\u00dffestigkeit.<br \/>\nEs bietet auch bei starker Beanspruchung eine pr\u00e4zise Artikulation und gleichbleibende Leistung. Spezielle Texturen gew\u00e4hrleisten einen sicheren Halt.<\/p>\n<p><strong>6 wei\u00dfe Einheiten mit gr\u00fcner Leuchtkraft im Dunkeln<\/strong><\/p>\n<p>L\u00e4nge: 31 mm<br \/>\nBreite: 31 mm<br \/>\nSpitze: 1 mm<br \/>\nBasis: 3 mm<br \/>\nReichweite: Ausgezogen<br \/>\nAusf\u00fchrung: Rechtsh\u00e4nder<\/p>\n","protected":false},"excerpt":{"rendered":"<p>Eine gro\u00dfe, d\u00fcnne und flexible Version des SOL mit erweitertem Tonumfang und einem offenen, ausdrucksstarken Klang.<br \/>\nAcetal: Robust, extrem langlebig und mit einem klar definierten Klang.<br \/>\nWei\u00df, leuchtet im Dunkeln gr\u00fcn, 6 St\u00fcck.<\/p>\n","protected":false},"featured_media":1248,"comment_status":"open","ping_status":"closed","template":"","meta":{"site-sidebar-layout":"default","site-content-layout":"","ast-site-content-layout":"default","site-content-style":"default","site-sidebar-style":"default","ast-global-header-display":"","ast-banner-title-visibility":"","ast-main-header-display":"","ast-hfb-above-header-display":"","ast-hfb-below-header-display":"","ast-hfb-mobile-header-display":"","site-post-title":"","ast-breadcrumbs-content":"","ast-featured-img":"","footer-sml-layout":"","ast-disable-related-posts":"","theme-transparent-header-meta":"default","adv-header-id-meta":"","stick-header-meta":"","header-above-stick-meta":"","header-main-stick-meta":"","header-below-stick-meta":"","astra-migrate-meta-layouts":"default","ast-page-background-enabled":"default","ast-page-background-meta":{"desktop":{"background-color":"var(--ast-global-color-5)","background-image":"","background-repeat":"repeat","background-position":"center center","background-size":"auto","background-attachment":"scroll","background-type":"","background-media":"","overlay-type":"","overlay-color":"","overlay-opacity":"","overlay-gradient":""},"tablet":{"background-color":"","background-image":"","background-repeat":"repeat","background-position":"center center","background-size":"auto","background-attachment":"scroll","background-type":"","background-media":"","overlay-type":"","overlay-color":"","overlay-opacity":"","overlay-gradient":""},"mobile":{"background-color":"","background-image":"","background-repeat":"repeat","background-position":"center center","background-size":"auto","background-attachment":"scroll","background-type":"","background-media":"","overlay-type":"","overlay-color":"","overlay-opacity":"","overlay-gradient":""}},"ast-content-background-meta":{"desktop":{"background-color":"var(--ast-global-color-4)","background-image":"","background-repeat":"repeat","background-position":"center center","background-size":"auto","background-attachment":"scroll","background-type":"","background-media":"","overlay-type":"","overlay-color":"","overlay-opacity":"","overlay-gradient":""},"tablet":{"background-color":"var(--ast-global-color-4)","background-image":"","background-repeat":"repeat","background-position":"center center","background-size":"auto","background-attachment":"scroll","background-type":"","background-media":"","overlay-type":"","overlay-color":"","overlay-opacity":"","overlay-gradient":""},"mobile":{"background-color":"var(--ast-global-color-4)","background-image":"","background-repeat":"repeat","background-position":"center center","background-size":"auto","background-attachment":"scroll","background-type":"","background-media":"","overlay-type":"","overlay-color":"","overlay-opacity":"","overlay-gradient":""}},"iawp_total_views":0},"product_brand":[],"product_cat":[101,100,104,102,107,88],"product_tag":[],"class_list":{"0":"post-1268","1":"product","2":"type-product","3":"status-publish","4":"has-post-thumbnail","6":"product_cat-acetal","7":"product_cat-material","8":"product_cat-modelo","9":"product_cat-performance","10":"product_cat-sol","11":"product_cat-sortiment","12":"desktop-align-left","13":"tablet-align-left","14":"mobile-align-left","15":"ast-product-gallery-layout-first-image-large","16":"ast-product-tabs-layout-accordion","18":"first","19":"instock","20":"taxable","21":"shipping-taxable","22":"purchasable","23":"product-type-simple"},"_links":{"self":[{"href":"https:\/\/picktwist.shop\/de\/wp-json\/wp\/v2\/product\/1268","targetHints":{"allow":["GET"]}}],"collection":[{"href":"https:\/\/picktwist.shop\/de\/wp-json\/wp\/v2\/product"}],"about":[{"href":"https:\/\/picktwist.shop\/de\/wp-json\/wp\/v2\/types\/product"}],"replies":[{"embeddable":true,"href":"https:\/\/picktwist.shop\/de\/wp-json\/wp\/v2\/comments?post=1268"}],"wp:featuredmedia":[{"embeddable":true,"href":"https:\/\/picktwist.shop\/de\/wp-json\/wp\/v2\/media\/1248"}],"wp:attachment":[{"href":"https:\/\/picktwist.shop\/de\/wp-json\/wp\/v2\/media?parent=1268"}],"wp:term":[{"taxonomy":"product_brand","embeddable":true,"href":"https:\/\/picktwist.shop\/de\/wp-json\/wp\/v2\/product_brand?post=1268"},{"taxonomy":"product_cat","embeddable":true,"href":"https:\/\/picktwist.shop\/de\/wp-json\/wp\/v2\/product_cat?post=1268"},{"taxonomy":"product_tag","embeddable":true,"href":"https:\/\/picktwist.shop\/de\/wp-json\/wp\/v2\/product_tag?post=1268"}],"curies":[{"name":"wp","href":"https:\/\/api.w.org\/{rel}","templated":true}]}}