{"id":1244,"date":"2025-11-30T19:09:43","date_gmt":"2025-11-30T18:09:43","guid":{"rendered":"https:\/\/picktwist.shop\/producto\/slap-075-mm-6-stueck-leuchtendes-acetal\/"},"modified":"2025-11-30T19:09:43","modified_gmt":"2025-11-30T18:09:43","slug":"slap-075-mm-6-stueck-leuchtendes-acetal","status":"publish","type":"product","link":"https:\/\/picktwist.shop\/de\/producto\/slap-075-mm-6-stueck-leuchtendes-acetal\/","title":{"rendered":"SLAP 0,75 mm (6 St\u00fcck) &#8211; LEUCHTENDES ACETAL"},"content":{"rendered":"<p>Ein Plektrum, das Gitarre und Bass eine neue Dimension perkussiver Dynamik verleiht.<br \/>\nSeine Gr\u00f6\u00dfe erinnert an d\u00fcnne Plektren, doch die ergonomisch geformte Basis sorgt f\u00fcr deutlich mehr Stabilit\u00e4t und Komfort.<br \/>\nDie 0,75 mm dicke Basis positioniert die Finger in einer mittellangen Streckung, wodurch die Spitze tiefer in die Saiten eindringt und so den charakteristischen Slap-Effekt und einen perkussiven Anschlag erzeugt. Ideal f\u00fcr dynamische Klangfarben, tiefe Stimmungen und dicke Saiten.<\/p>\n<p>Acetal ist steif und formstabil und erm\u00f6glicht pr\u00e4zises Anschlagen, klare H\u00f6hen und hervorragende Verschlei\u00dffestigkeit.<br \/>\nEs bietet auch bei starker Beanspruchung eine pr\u00e4zise Artikulation und gleichbleibende Leistung. Spezielle Texturen gew\u00e4hrleisten einen sicheren Halt.<\/p>\n<p><strong>6 wei\u00dfe Einheiten mit gr\u00fcner Leuchtkraft im Dunkeln<\/strong><\/p>\n<p>L\u00e4nge: 30 mm<br \/>\nBreite: 24 mm<br \/>\nSpitze: 0,75 mm<br \/>\nBasis: 4 mm<br \/>\nReichweite: Mittel bis lang<br \/>\nAusf\u00fchrung: Rechtsh\u00e4nder<\/p>\n<p>&nbsp;<\/p>\n","protected":false},"excerpt":{"rendered":"<p>Eine kompakte, hochpr\u00e4zise Version der LUZ mit kurzer Reichweite und maximaler Kontrolle.<br \/>\nAcetal: Robust, extrem langlebig und mit einer markanten Oberfl\u00e4che.<br \/>\nWei\u00dfe Farbe, leuchtet im Dunkeln gr\u00fcn, 6 St\u00fcck.<\/p>\n","protected":false},"featured_media":335,"comment_status":"open","ping_status":"closed","template":"","meta":{"site-sidebar-layout":"default","site-content-layout":"","ast-site-content-layout":"default","site-content-style":"default","site-sidebar-style":"default","ast-global-header-display":"","ast-banner-title-visibility":"","ast-main-header-display":"","ast-hfb-above-header-display":"","ast-hfb-below-header-display":"","ast-hfb-mobile-header-display":"","site-post-title":"","ast-breadcrumbs-content":"","ast-featured-img":"","footer-sml-layout":"","ast-disable-related-posts":"","theme-transparent-header-meta":"default","adv-header-id-meta":"","stick-header-meta":"","header-above-stick-meta":"","header-main-stick-meta":"","header-below-stick-meta":"","astra-migrate-meta-layouts":"default","ast-page-background-enabled":"default","ast-page-background-meta":{"desktop":{"background-color":"var(--ast-global-color-5)","background-image":"","background-repeat":"repeat","background-position":"center center","background-size":"auto","background-attachment":"scroll","background-type":"","background-media":"","overlay-type":"","overlay-color":"","overlay-opacity":"","overlay-gradient":""},"tablet":{"background-color":"","background-image":"","background-repeat":"repeat","background-position":"center center","background-size":"auto","background-attachment":"scroll","background-type":"","background-media":"","overlay-type":"","overlay-color":"","overlay-opacity":"","overlay-gradient":""},"mobile":{"background-color":"","background-image":"","background-repeat":"repeat","background-position":"center center","background-size":"auto","background-attachment":"scroll","background-type":"","background-media":"","overlay-type":"","overlay-color":"","overlay-opacity":"","overlay-gradient":""}},"ast-content-background-meta":{"desktop":{"background-color":"var(--ast-global-color-4)","background-image":"","background-repeat":"repeat","background-position":"center center","background-size":"auto","background-attachment":"scroll","background-type":"","background-media":"","overlay-type":"","overlay-color":"","overlay-opacity":"","overlay-gradient":""},"tablet":{"background-color":"var(--ast-global-color-4)","background-image":"","background-repeat":"repeat","background-position":"center center","background-size":"auto","background-attachment":"scroll","background-type":"","background-media":"","overlay-type":"","overlay-color":"","overlay-opacity":"","overlay-gradient":""},"mobile":{"background-color":"var(--ast-global-color-4)","background-image":"","background-repeat":"repeat","background-position":"center center","background-size":"auto","background-attachment":"scroll","background-type":"","background-media":"","overlay-type":"","overlay-color":"","overlay-opacity":"","overlay-gradient":""}},"iawp_total_views":0},"product_brand":[],"product_cat":[101,100,104,102,105,88],"product_tag":[],"class_list":{"0":"post-1244","1":"product","2":"type-product","3":"status-publish","4":"has-post-thumbnail","6":"product_cat-acetal","7":"product_cat-material","8":"product_cat-modelo","9":"product_cat-performance","10":"product_cat-slap","11":"product_cat-unkategorisiert","12":"desktop-align-left","13":"tablet-align-left","14":"mobile-align-left","15":"ast-product-gallery-layout-first-image-large","16":"ast-product-tabs-layout-accordion","18":"first","19":"instock","20":"taxable","21":"shipping-taxable","22":"purchasable","23":"product-type-simple"},"_links":{"self":[{"href":"https:\/\/picktwist.shop\/de\/wp-json\/wp\/v2\/product\/1244","targetHints":{"allow":["GET"]}}],"collection":[{"href":"https:\/\/picktwist.shop\/de\/wp-json\/wp\/v2\/product"}],"about":[{"href":"https:\/\/picktwist.shop\/de\/wp-json\/wp\/v2\/types\/product"}],"replies":[{"embeddable":true,"href":"https:\/\/picktwist.shop\/de\/wp-json\/wp\/v2\/comments?post=1244"}],"wp:featuredmedia":[{"embeddable":true,"href":"https:\/\/picktwist.shop\/de\/wp-json\/wp\/v2\/media\/335"}],"wp:attachment":[{"href":"https:\/\/picktwist.shop\/de\/wp-json\/wp\/v2\/media?parent=1244"}],"wp:term":[{"taxonomy":"product_brand","embeddable":true,"href":"https:\/\/picktwist.shop\/de\/wp-json\/wp\/v2\/product_brand?post=1244"},{"taxonomy":"product_cat","embeddable":true,"href":"https:\/\/picktwist.shop\/de\/wp-json\/wp\/v2\/product_cat?post=1244"},{"taxonomy":"product_tag","embeddable":true,"href":"https:\/\/picktwist.shop\/de\/wp-json\/wp\/v2\/product_tag?post=1244"}],"curies":[{"name":"wp","href":"https:\/\/api.w.org\/{rel}","templated":true}]}}